{"id":69,"date":"2022-06-27T15:28:51","date_gmt":"2022-06-27T15:28:51","guid":{"rendered":"https:\/\/piacerecaffe.it\/?page_id=69"},"modified":"2022-07-01T08:44:42","modified_gmt":"2022-07-01T08:44:42","slug":"per-la-famiglia","status":"publish","type":"page","link":"https:\/\/piacerecaffe.it\/?page_id=69","title":{"rendered":"Per la Famiglia"},"content":{"rendered":"\t\t<div data-elementor-type=\"wp-page\" data-elementor-id=\"69\" class=\"elementor elementor-69\">\n\t\t\t\t\t\t<section class=\"elementor-section elementor-top-section elementor-element elementor-element-d675232 elementor-section-boxed elementor-section-height-default elementor-section-height-default\" data-id=\"d675232\" data-element_type=\"section\" data-settings=\"{&quot;background_background&quot;:&quot;classic&quot;}\">\n\t\t\t\t\t\t<div class=\"elementor-container elementor-column-gap-default\">\n\t\t\t\t\t<div class=\"elementor-column elementor-col-50 elementor-top-column elementor-element elementor-element-98c86a1\" data-id=\"98c86a1\" data-element_type=\"column\">\n\t\t\t<div class=\"elementor-widget-wrap elementor-element-populated\">\n\t\t\t\t\t\t<div class=\"elementor-element elementor-element-02be1db elementor-widget elementor-widget-elementskit-heading\" data-id=\"02be1db\" data-element_type=\"widget\" data-widget_type=\"elementskit-heading.default\">\n\t\t\t\t<div class=\"elementor-widget-container\">\n\t\t\t<div class=\"ekit-wid-con\" ><div class=\"ekit-heading elementskit-section-title-wraper text_center   ekit_heading_tablet-   ekit_heading_mobile-\"><h2 class=\"ekit-heading--title elementskit-section-title \">Per la <span>Famiglia<\/span><\/h2><div class=\"ekit_heading_separetor_wraper ekit_heading_elementskit-border-divider elementskit-style-long\"><div class=\"elementskit-border-divider elementskit-style-long\"><\/div><\/div><\/div><\/div>\t\t<\/div>\n\t\t\t\t<\/div>\n\t\t\t\t<section class=\"elementor-section elementor-inner-section elementor-element elementor-element-b568445 elementor-section-boxed elementor-section-height-default elementor-section-height-default\" data-id=\"b568445\" data-element_type=\"section\">\n\t\t\t\t\t\t<div class=\"elementor-container elementor-column-gap-default\">\n\t\t\t\t\t<div class=\"elementor-column elementor-col-100 elementor-inner-column elementor-element elementor-element-1b8fe15\" data-id=\"1b8fe15\" data-element_type=\"column\">\n\t\t\t<div class=\"elementor-widget-wrap elementor-element-populated\">\n\t\t\t\t\t\t<div class=\"elementor-element elementor-element-33f07ce elementor-widget elementor-widget-text-editor\" data-id=\"33f07ce\" data-element_type=\"widget\" data-widget_type=\"text-editor.default\">\n\t\t\t\t<div class=\"elementor-widget-container\">\n\t\t\t\t\t\t\t<p><strong>&#8220;Ma sono a casa o al bar?&#8221;<\/strong><\/p>\t\t\t\t\t\t<\/div>\n\t\t\t\t<\/div>\n\t\t\t\t<div class=\"elementor-element elementor-element-2bee0f0 elementor-widget elementor-widget-elementskit-drop-caps\" data-id=\"2bee0f0\" data-element_type=\"widget\" data-widget_type=\"elementskit-drop-caps.default\">\n\t\t\t\t<div class=\"elementor-widget-container\">\n\t\t\t<div class=\"ekit-wid-con\" >\t\t<div class=\"ekit-dropcap-wraper\">\n\t\t\t\t\t\t<p class=\"ekit-dropcap-cotnent\">Piacere Caff\u00e8 \u00e8 il piacere di ritrovare a casa tua tutto il gusto e l'aroma delle migliori miscele di caff\u00e8.<\/p>\n\t\t\t\t\t<\/div>\n        <\/div>\t\t<\/div>\n\t\t\t\t<\/div>\n\t\t\t\t\t<\/div>\n\t\t<\/div>\n\t\t\t\t\t<\/div>\n\t\t<\/section>\n\t\t\t\t<div class=\"elementor-element elementor-element-b99168e elementor-widget elementor-widget-text-editor\" data-id=\"b99168e\" data-element_type=\"widget\" data-widget_type=\"text-editor.default\">\n\t\t\t\t<div class=\"elementor-widget-container\">\n\t\t\t\t\t\t\t<p><strong>Il caff\u00e8..espresso nel modo migliore.<\/strong><\/p><p>Bevete 3 o 4 caff\u00e8 al giorno? <strong>Piacere Caff\u00e8<\/strong> fa per te! Puoi avere in comodato d&#8217;uso gratuito una gamma di macchine per caff\u00e8 ideali per il <strong>piacere espresso<\/strong> in casa come al bar.<\/p>\t\t\t\t\t\t<\/div>\n\t\t\t\t<\/div>\n\t\t\t\t\t<\/div>\n\t\t<\/div>\n\t\t\t\t<div class=\"elementor-column elementor-col-50 elementor-top-column elementor-element elementor-element-e1b9b3a\" data-id=\"e1b9b3a\" data-element_type=\"column\" data-settings=\"{&quot;background_background&quot;:&quot;classic&quot;}\">\n\t\t\t<div class=\"elementor-widget-wrap elementor-element-populated\">\n\t\t\t\t\t\t<div class=\"elementor-element elementor-element-a95dc1a elementor-widget elementor-widget-image\" data-id=\"a95dc1a\" data-element_type=\"widget\" data-widget_type=\"image.default\">\n\t\t\t\t<div class=\"elementor-widget-container\">\n\t\t\t\t\t\t\t\t\t\t\t\t\t<img fetchpriority=\"high\" decoding=\"async\" width=\"392\" height=\"316\" src=\"https:\/\/piacerecaffe.it\/wp-content\/uploads\/2022\/06\/Schermata-2022-06-28-alle-09.38.38.png\" class=\"attachment-large size-large wp-image-100\" alt=\"\" srcset=\"https:\/\/piacerecaffe.it\/wp-content\/uploads\/2022\/06\/Schermata-2022-06-28-alle-09.38.38.png 392w, https:\/\/piacerecaffe.it\/wp-content\/uploads\/2022\/06\/Schermata-2022-06-28-alle-09.38.38-300x242.png 300w\" sizes=\"(max-width: 392px) 100vw, 392px\" \/>\t\t\t\t\t\t\t\t\t\t\t\t\t<\/div>\n\t\t\t\t<\/div>\n\t\t\t\t\t<\/div>\n\t\t<\/div>\n\t\t\t\t\t<\/div>\n\t\t<\/section>\n\t\t\t\t<section class=\"elementor-section elementor-top-section elementor-element elementor-element-1b0647d elementor-section-boxed elementor-section-height-default elementor-section-height-default\" data-id=\"1b0647d\" data-element_type=\"section\">\n\t\t\t\t\t\t<div class=\"elementor-container elementor-column-gap-default\">\n\t\t\t\t\t<div class=\"elementor-column elementor-col-33 elementor-top-column elementor-element elementor-element-7b51990\" data-id=\"7b51990\" data-element_type=\"column\">\n\t\t\t<div class=\"elementor-widget-wrap elementor-element-populated\">\n\t\t\t\t\t\t<div class=\"elementor-element elementor-element-2e64558 elementor-widget elementor-widget-image\" data-id=\"2e64558\" data-element_type=\"widget\" data-widget_type=\"image.default\">\n\t\t\t\t<div class=\"elementor-widget-container\">\n\t\t\t\t\t\t\t\t\t\t\t\t\t<img decoding=\"async\" width=\"425\" height=\"426\" src=\"https:\/\/piacerecaffe.it\/wp-content\/uploads\/2022\/07\/Schermata-2022-07-01-alle-10.40.18.png\" class=\"attachment-large size-large wp-image-162\" alt=\"\" srcset=\"https:\/\/piacerecaffe.it\/wp-content\/uploads\/2022\/07\/Schermata-2022-07-01-alle-10.40.18.png 425w, https:\/\/piacerecaffe.it\/wp-content\/uploads\/2022\/07\/Schermata-2022-07-01-alle-10.40.18-300x300.png 300w, https:\/\/piacerecaffe.it\/wp-content\/uploads\/2022\/07\/Schermata-2022-07-01-alle-10.40.18-150x150.png 150w\" sizes=\"(max-width: 425px) 100vw, 425px\" \/>\t\t\t\t\t\t\t\t\t\t\t\t\t<\/div>\n\t\t\t\t<\/div>\n\t\t\t\t\t<\/div>\n\t\t<\/div>\n\t\t\t\t<div class=\"elementor-column elementor-col-33 elementor-top-column elementor-element elementor-element-cf92504\" data-id=\"cf92504\" data-element_type=\"column\">\n\t\t\t<div class=\"elementor-widget-wrap elementor-element-populated\">\n\t\t\t\t\t\t<div class=\"elementor-element elementor-element-8e91954 elementor-widget elementor-widget-image\" data-id=\"8e91954\" data-element_type=\"widget\" data-widget_type=\"image.default\">\n\t\t\t\t<div class=\"elementor-widget-container\">\n\t\t\t\t\t\t\t\t\t\t\t\t\t<img decoding=\"async\" width=\"800\" height=\"607\" src=\"https:\/\/piacerecaffe.it\/wp-content\/uploads\/2022\/07\/cialda.png\" class=\"attachment-large size-large wp-image-163\" alt=\"\" srcset=\"https:\/\/piacerecaffe.it\/wp-content\/uploads\/2022\/07\/cialda.png 881w, https:\/\/piacerecaffe.it\/wp-content\/uploads\/2022\/07\/cialda-300x227.png 300w, https:\/\/piacerecaffe.it\/wp-content\/uploads\/2022\/07\/cialda-768x582.png 768w\" sizes=\"(max-width: 800px) 100vw, 800px\" \/>\t\t\t\t\t\t\t\t\t\t\t\t\t<\/div>\n\t\t\t\t<\/div>\n\t\t\t\t\t<\/div>\n\t\t<\/div>\n\t\t\t\t<div class=\"elementor-column elementor-col-33 elementor-top-column elementor-element elementor-element-5844d07\" data-id=\"5844d07\" data-element_type=\"column\">\n\t\t\t<div class=\"elementor-widget-wrap elementor-element-populated\">\n\t\t\t\t\t\t<div class=\"elementor-element elementor-element-414ac40 elementor-widget elementor-widget-text-editor\" data-id=\"414ac40\" data-element_type=\"widget\" data-widget_type=\"text-editor.default\">\n\t\t\t\t<div class=\"elementor-widget-container\">\n\t\t\t\t\t\t\t<p><strong>Da Piacere Caff\u00e8 trovi sia capsule che cialde compostabili.<\/strong><\/p><p class=\"p1\"><b>Compostabile<\/b>: un materiale che pu\u00f2 essere conferito nei rifiuti organici (o umido) perch\u00e9 capace di trasformarsi mediante compostaggio insieme all&#8217;umido in compost.\u00a0<\/p><p class=\"p1\"><strong>Una scelta pratica e sostenibile,<\/strong> che non rinuncia al gusto.<\/p><p class=\"p1\">Chi sceglie la nostra qualit\u00e0 compressa in cialda, sceglie i sapori dei pi\u00f9 pregiati chicchi, combinati tra loro per creare una miscela perfetta. Da gustare in ogni momento della giornata.<\/p>\t\t\t\t\t\t<\/div>\n\t\t\t\t<\/div>\n\t\t\t\t\t<\/div>\n\t\t<\/div>\n\t\t\t\t\t<\/div>\n\t\t<\/section>\n\t\t\t\t<section class=\"elementor-section elementor-top-section elementor-element elementor-element-ca15d82 elementor-section-boxed elementor-section-height-default elementor-section-height-default\" data-id=\"ca15d82\" data-element_type=\"section\">\n\t\t\t\t\t\t<div class=\"elementor-container elementor-column-gap-default\">\n\t\t\t\t\t<div class=\"elementor-column elementor-col-100 elementor-top-column elementor-element elementor-element-3e02d0c\" data-id=\"3e02d0c\" data-element_type=\"column\">\n\t\t\t<div class=\"elementor-widget-wrap elementor-element-populated\">\n\t\t\t\t\t\t<div class=\"elementor-element elementor-element-960db7e elementor-widget elementor-widget-spacer\" data-id=\"960db7e\" data-element_type=\"widget\" data-widget_type=\"spacer.default\">\n\t\t\t\t<div class=\"elementor-widget-container\">\n\t\t\t\t\t<div class=\"elementor-spacer\">\n\t\t\t<div class=\"elementor-spacer-inner\"><\/div>\n\t\t<\/div>\n\t\t\t\t<\/div>\n\t\t\t\t<\/div>\n\t\t\t\t\t<\/div>\n\t\t<\/div>\n\t\t\t\t\t<\/div>\n\t\t<\/section>\n\t\t\t\t<\/div>\n\t\t","protected":false},"excerpt":{"rendered":"<p>Per la Famiglia &#8220;Ma sono a casa o al bar?&#8221; Piacere Caff\u00e8 \u00e8 il piacere di ritrovare a casa tua tutto il gusto e l&#8217;aroma delle migliori miscele di caff\u00e8. Il caff\u00e8..espresso nel modo migliore. Bevete 3 o 4 caff\u00e8 al giorno? Piacere Caff\u00e8 fa per te! Puoi avere in comodato d&#8217;uso gratuito una gamma [&hellip;]<\/p>\n","protected":false},"author":1,"featured_media":0,"parent":0,"menu_order":0,"comment_status":"closed","ping_status":"closed","template":"","meta":{"footnotes":""},"class_list":["post-69","page","type-page","status-publish","hentry"],"_links":{"self":[{"href":"https:\/\/piacerecaffe.it\/index.php?rest_route=\/wp\/v2\/pages\/69","targetHints":{"allow":["GET"]}}],"collection":[{"href":"https:\/\/piacerecaffe.it\/index.php?rest_route=\/wp\/v2\/pages"}],"about":[{"href":"https:\/\/piacerecaffe.it\/index.php?rest_route=\/wp\/v2\/types\/page"}],"author":[{"embeddable":true,"href":"https:\/\/piacerecaffe.it\/index.php?rest_route=\/wp\/v2\/users\/1"}],"replies":[{"embeddable":true,"href":"https:\/\/piacerecaffe.it\/index.php?rest_route=%2Fwp%2Fv2%2Fcomments&post=69"}],"version-history":[{"count":7,"href":"https:\/\/piacerecaffe.it\/index.php?rest_route=\/wp\/v2\/pages\/69\/revisions"}],"predecessor-version":[{"id":167,"href":"https:\/\/piacerecaffe.it\/index.php?rest_route=\/wp\/v2\/pages\/69\/revisions\/167"}],"wp:attachment":[{"href":"https:\/\/piacerecaffe.it\/index.php?rest_route=%2Fwp%2Fv2%2Fmedia&parent=69"}],"curies":[{"name":"wp","href":"https:\/\/api.w.org\/{rel}","templated":true}]}}